{"id":171,"date":"2020-09-09T13:48:49","date_gmt":"2020-09-09T13:48:49","guid":{"rendered":"https:\/\/brolaegger.emgruppen.com\/index.php\/faqs\/"},"modified":"2023-10-13T16:28:53","modified_gmt":"2023-10-13T16:28:53","slug":"sporgsmal","status":"publish","type":"page","link":"https:\/\/brolaegger.emgruppen.com\/index.php\/sporgsmal\/","title":{"rendered":"Sp\u00f8rgsm\u00e5l og svar"},"content":{"rendered":"\n<div class=\"wp-block-uagb-container uagb-block-1fc14cf7 alignfull uagb-is-root-container\"><div class=\"uagb-container-inner-blocks-wrap\">\n<div class=\"wp-block-uagb-container uagb-block-fff19834\">\n<div data-aos= \"fade-right\" data-aos-duration=\"400\" data-aos-delay=\"0\" data-aos-easing=\"ease\" data-aos-once=\"true\" class=\"wp-block-uagb-advanced-heading uagb-block-8eece385\"><h1 class=\"uagb-heading-text\">Sp\u00f8rgsm\u00e5l og svar<\/h1><\/div>\n<\/div>\n\n\n\n<div data-aos= \"fade-left\" data-aos-duration=\"400\" data-aos-delay=\"0\" data-aos-easing=\"ease\" data-aos-once=\"true\" class=\"wp-block-uagb-container uagb-block-3f46c951\">\n<div class=\"wp-block-uagb-info-box uagb-block-06d39d67 uagb-infobox__content-wrap  uagb-infobox-icon-above-title uagb-infobox-image-valign-top\"><div class=\"uagb-ifb-content\"><div class=\"uagb-ifb-title-wrap\"><div class=\"uagb-ifb-separator\"><\/div><h5 class=\"uagb-ifb-title\"><strong>F\u00e5 et gratis tilbud<\/strong><\/h5><\/div><\/div><\/div>\n\n\n<div class=\"wpforms-container wpforms-block wpforms-block-0d1f5390-d2b8-4a75-aa2a-0045c72d0a74\" id=\"wpforms-1397\"><form id=\"wpforms-form-1397\" class=\"wpforms-validate wpforms-form\" data-formid=\"1397\" method=\"post\" enctype=\"multipart\/form-data\" action=\"\/index.php\/wp-json\/wp\/v2\/pages\/171\" data-token=\"f17c33cc51ba0e26ff10b362fcd10456\" data-token-time=\"1776601932\"><noscript class=\"wpforms-error-noscript\">Please enable JavaScript in your browser to complete this form.<\/noscript><div class=\"wpforms-field-container\"><div id=\"wpforms-1397-field_0-container\" class=\"wpforms-field wpforms-field-name\" data-field-id=\"0\"><label class=\"wpforms-field-label wpforms-label-hide\" for=\"wpforms-1397-field_0\">Navn: <span class=\"wpforms-required-label\">*<\/span><\/label><input type=\"text\" id=\"wpforms-1397-field_0\" class=\"wpforms-field-large wpforms-field-required\" name=\"wpforms[fields][0]\" placeholder=\"Navn*\" required><div class=\"wpforms-field-description\">Indtast dit navn<\/div><\/div><div id=\"wpforms-1397-field_9-container\" class=\"wpforms-field wpforms-field-text\" data-field-id=\"9\"><label class=\"wpforms-field-label wpforms-label-hide\" for=\"wpforms-1397-field_9\">Email <span class=\"wpforms-required-label\">*<\/span><\/label><input type=\"text\" id=\"wpforms-1397-field_9\" class=\"wpforms-field-large wpforms-field-required\" name=\"wpforms[fields][9]\" placeholder=\"Email*\" required><div class=\"wpforms-field-description\">Indtast din e-mail-adresse<\/div><\/div><div id=\"wpforms-1397-field_3-container\" class=\"wpforms-field wpforms-field-number\" data-field-id=\"3\"><label class=\"wpforms-field-label wpforms-label-hide\" for=\"wpforms-1397-field_3\">Telefon <span class=\"wpforms-required-label\">*<\/span><\/label><input type=\"number\" id=\"wpforms-1397-field_3\" class=\"wpforms-field-large wpforms-field-required\" name=\"wpforms[fields][3]\" placeholder=\"Telefon*\" step=\"any\" required><div class=\"wpforms-field-description\">Indtast dit telefonnummer<\/div><\/div><div id=\"wpforms-1397-field_6-container\" class=\"wpforms-field wpforms-field-select wpforms-field-select-style-classic\" data-field-id=\"6\"><label class=\"wpforms-field-label wpforms-label-hide\" for=\"wpforms-1397-field_6\">Bel\u00e6gningsomr\u00e5det <span class=\"wpforms-required-label\">*<\/span><\/label><select id=\"wpforms-1397-field_6\" class=\"wpforms-field-large wpforms-field-required\" name=\"wpforms[fields][6]\" required=\"required\"><option value=\"\" class=\"placeholder\" disabled >V\u00e6lg p\u00e5kr\u00e6vet service*<\/option><option value=\"Indk\u00f8rsler\"  selected='selected' class=\"choice-1 depth-1\"  >Indk\u00f8rsler<\/option><option value=\"Terrasser\"  class=\"choice-2 depth-1\"  >Terrasser<\/option><option value=\"Gangstier\"  class=\"choice-7 depth-1\"  >Gangstier<\/option><option value=\"Parkeringspladser\"  class=\"choice-6 depth-1\"  >Parkeringspladser<\/option><option value=\"Andet omr\u00e5de\"  class=\"choice-5 depth-1\"  >Andet omr\u00e5de<\/option><\/select><\/div><div id=\"wpforms-1397-field_11-container\" class=\"wpforms-field wpforms-field-textarea\" data-field-id=\"11\"><label class=\"wpforms-field-label wpforms-label-hide\" for=\"wpforms-1397-field_11\">Yderligere kommentarer <span class=\"wpforms-required-label\">*<\/span><\/label><textarea id=\"wpforms-1397-field_11\" class=\"wpforms-field-medium wpforms-field-required\" name=\"wpforms[fields][11]\" placeholder=\"Yderligere kommentarer*\" required><\/textarea><div class=\"wpforms-field-description\">Indtast eventuelle ekstra kommentarer eller specifikationer her.<\/div><\/div><\/div><!-- .wpforms-field-container --><div class=\"wpforms-field wpforms-field-hp\"><label for=\"wpforms-1397-field-hp\" class=\"wpforms-field-label\">Email<\/label><input type=\"text\" name=\"wpforms[hp]\" id=\"wpforms-1397-field-hp\" class=\"wpforms-field-medium\"><\/div><div class=\"wpforms-submit-container\" ><input type=\"hidden\" name=\"wpforms[id]\" value=\"1397\"><input type=\"hidden\" name=\"page_title\" value=\"\"><input type=\"hidden\" name=\"page_url\" value=\"https:\/\/brolaegger.emgruppen.com\/index.php\/wp-json\/wp\/v2\/pages\/171\"><input type=\"hidden\" name=\"url_referer\" value=\"\"><button type=\"submit\" name=\"wpforms[submit]\" id=\"wpforms-submit-1397\" class=\"wpforms-submit\" data-alt-text=\"Sender...\" data-submit-text=\"Send besked\" aria-live=\"assertive\" value=\"wpforms-submit\">Send besked<\/button><\/div><\/form><\/div>  <!-- .wpforms-container --><\/div>\n\n\n\n<div data-aos= \"fade-left\" data-aos-duration=\"400\" data-aos-delay=\"0\" data-aos-easing=\"ease\" data-aos-once=\"true\" class=\"wp-block-uagb-container uagb-block-3bf20f2f\">\n<div class=\"wp-block-uagb-advanced-heading uagb-block-0d9ff07d\"><h4 class=\"uagb-heading-text\">Vi svarer \u00f8jeblikkeligt syv dage om ugen<\/h4><\/div>\n<\/div>\n<\/div><\/div>\n\n\n\n<div class=\"wp-block-uagb-container uagb-block-19603e5e alignfull uagb-is-root-container\"><div class=\"uagb-container-inner-blocks-wrap\">\n<div class=\"wp-block-uagb-container uagb-block-dfa685d7\">\n<div data-aos= \"fade-right\" data-aos-duration=\"400\" data-aos-delay=\"0\" data-aos-easing=\"ease\" data-aos-once=\"true\" class=\"wp-block-uagb-advanced-heading uagb-block-2723de92\"><h2 class=\"uagb-heading-text\">Sp\u00f8rgsm\u00e5l og svar<\/h2><\/div>\n\n\n\n<div style=\"height:20px\" aria-hidden=\"true\" class=\"wp-block-spacer\"><\/div>\n\n\n<div class=\"wp-block-uagb-faq uagb-faq__outer-wrap uagb-block-4ce40be7 uagb-faq-icon-row uagb-faq-layout-accordion uagb-faq-expand-first-true uagb-faq-inactive-other-true uagb-faq__wrap uagb-buttons-layout-wrap uagb-faq-equal-height     \" data-faqtoggle=\"true\" role=\"tablist\"><div data-aos= \"fade-left\" data-aos-duration=\"400\" data-aos-delay=\"0\" data-aos-easing=\"ease\" data-aos-once=\"true\" class=\"wp-block-uagb-faq-child uagb-faq-child__outer-wrap uagb-faq-item uagb-block-348905bd \" role=\"tab\" tabindex=\"0\"><div class=\"uagb-faq-questions-button uagb-faq-questions\">\t\t\t<span class=\"uagb-icon uagb-faq-icon-wrap\">\n\t\t\t\t\t\t\t\t<svg xmlns=\"https:\/\/www.w3.org\/2000\/svg\" viewBox= \"0 0 448 512\"><path d=\"M432 256c0 17.69-14.33 32.01-32 32.01H256v144c0 17.69-14.33 31.99-32 31.99s-32-14.3-32-31.99v-144H48c-17.67 0-32-14.32-32-32.01s14.33-31.99 32-31.99H192v-144c0-17.69 14.33-32.01 32-32.01s32 14.32 32 32.01v144h144C417.7 224 432 238.3 432 256z\"><\/path><\/svg>\n\t\t\t\t\t\t\t<\/span>\n\t\t\t\t\t\t<span class=\"uagb-icon-active uagb-faq-icon-wrap\">\n\t\t\t\t\t\t\t\t<svg xmlns=\"https:\/\/www.w3.org\/2000\/svg\" viewBox= \"0 0 448 512\"><path d=\"M400 288h-352c-17.69 0-32-14.32-32-32.01s14.31-31.99 32-31.99h352c17.69 0 32 14.3 32 31.99S417.7 288 400 288z\"><\/path><\/svg>\n\t\t\t\t\t\t\t<\/span>\n\t\t\t<span class=\"uagb-question\"><strong>Hvor lang tid tager en bel\u00e6gningsopgave normalt?<\/strong><\/span><\/div><div class=\"uagb-faq-content\"><p>Vi bestr\u00e6ber os p\u00e5 at v\u00e6re hurtige, og effektive. Det afh\u00e6nger dog af projektets omfang og kompleksitet. Kontakt os, og s\u00e5 giver vi dig gerne et bud baseret p\u00e5 din specifikke opgave.\u00a0<\/p><\/div><\/div><div data-aos= \"fade-right\" data-aos-duration=\"400\" data-aos-delay=\"0\" data-aos-easing=\"ease\" data-aos-once=\"true\" class=\"wp-block-uagb-faq-child uagb-faq-child__outer-wrap uagb-faq-item uagb-block-278e3025 \" role=\"tab\" tabindex=\"0\"><div class=\"uagb-faq-questions-button uagb-faq-questions\">\t\t\t<span class=\"uagb-icon uagb-faq-icon-wrap\">\n\t\t\t\t\t\t\t\t<svg xmlns=\"https:\/\/www.w3.org\/2000\/svg\" viewBox= \"0 0 448 512\"><path d=\"M432 256c0 17.69-14.33 32.01-32 32.01H256v144c0 17.69-14.33 31.99-32 31.99s-32-14.3-32-31.99v-144H48c-17.67 0-32-14.32-32-32.01s14.33-31.99 32-31.99H192v-144c0-17.69 14.33-32.01 32-32.01s32 14.32 32 32.01v144h144C417.7 224 432 238.3 432 256z\"><\/path><\/svg>\n\t\t\t\t\t\t\t<\/span>\n\t\t\t\t\t\t<span class=\"uagb-icon-active uagb-faq-icon-wrap\">\n\t\t\t\t\t\t\t\t<svg xmlns=\"https:\/\/www.w3.org\/2000\/svg\" viewBox= \"0 0 448 512\"><path d=\"M400 288h-352c-17.69 0-32-14.32-32-32.01s14.31-31.99 32-31.99h352c17.69 0 32 14.3 32 31.99S417.7 288 400 288z\"><\/path><\/svg>\n\t\t\t\t\t\t\t<\/span>\n\t\t\t<span class=\"uagb-question\"><strong>Opkr\u00e6ver I ekstra for hurtigere projektfuldf\u00f8relse?<\/strong><\/span><\/div><div class=\"uagb-faq-content\"><p>Nej, vi mener, at b\u00e5de hastighed og kvalitet er vigtige. Vores priser er konkurrencedygtige, og vi str\u00e6ber altid efter at opn\u00e5 effektive resultater uden at g\u00e5 p\u00e5 kompromis med kvaliteten.<\/p><\/div><\/div><div data-aos= \"fade-left\" data-aos-duration=\"400\" data-aos-delay=\"0\" data-aos-easing=\"ease\" data-aos-once=\"true\" class=\"wp-block-uagb-faq-child uagb-faq-child__outer-wrap uagb-faq-item uagb-block-c50b4279 \" role=\"tab\" tabindex=\"0\"><div class=\"uagb-faq-questions-button uagb-faq-questions\">\t\t\t<span class=\"uagb-icon uagb-faq-icon-wrap\">\n\t\t\t\t\t\t\t\t<svg xmlns=\"https:\/\/www.w3.org\/2000\/svg\" viewBox= \"0 0 448 512\"><path d=\"M432 256c0 17.69-14.33 32.01-32 32.01H256v144c0 17.69-14.33 31.99-32 31.99s-32-14.3-32-31.99v-144H48c-17.67 0-32-14.32-32-32.01s14.33-31.99 32-31.99H192v-144c0-17.69 14.33-32.01 32-32.01s32 14.32 32 32.01v144h144C417.7 224 432 238.3 432 256z\"><\/path><\/svg>\n\t\t\t\t\t\t\t<\/span>\n\t\t\t\t\t\t<span class=\"uagb-icon-active uagb-faq-icon-wrap\">\n\t\t\t\t\t\t\t\t<svg xmlns=\"https:\/\/www.w3.org\/2000\/svg\" viewBox= \"0 0 448 512\"><path d=\"M400 288h-352c-17.69 0-32-14.32-32-32.01s14.31-31.99 32-31.99h352c17.69 0 32 14.3 32 31.99S417.7 288 400 288z\"><\/path><\/svg>\n\t\t\t\t\t\t\t<\/span>\n\t\t\t<span class=\"uagb-question\"><strong><strong><strong>Tilbyder I konsultationer for at hj\u00e6lpe os med at planl\u00e6gge vores bel\u00e6gningsprojekt?<\/strong><\/strong><\/strong><\/span><\/div><div class=\"uagb-faq-content\"><p>Ja, vi tilbyder gratis konsultationer, hvor vi diskuterer dine behov, m\u00e5l og budget. Vi vil hj\u00e6lpe med at planl\u00e6gge og designe dit projekt for at opn\u00e5 de bedste resultater.<\/p><\/div><\/div><div data-aos= \"fade-right\" data-aos-duration=\"400\" data-aos-delay=\"0\" data-aos-easing=\"ease\" data-aos-once=\"true\" class=\"wp-block-uagb-faq-child uagb-faq-child__outer-wrap uagb-faq-item uagb-block-81ccf330 \" role=\"tab\" tabindex=\"0\"><div class=\"uagb-faq-questions-button uagb-faq-questions\">\t\t\t<span class=\"uagb-icon uagb-faq-icon-wrap\">\n\t\t\t\t\t\t\t\t<svg xmlns=\"https:\/\/www.w3.org\/2000\/svg\" viewBox= \"0 0 448 512\"><path d=\"M432 256c0 17.69-14.33 32.01-32 32.01H256v144c0 17.69-14.33 31.99-32 31.99s-32-14.3-32-31.99v-144H48c-17.67 0-32-14.32-32-32.01s14.33-31.99 32-31.99H192v-144c0-17.69 14.33-32.01 32-32.01s32 14.32 32 32.01v144h144C417.7 224 432 238.3 432 256z\"><\/path><\/svg>\n\t\t\t\t\t\t\t<\/span>\n\t\t\t\t\t\t<span class=\"uagb-icon-active uagb-faq-icon-wrap\">\n\t\t\t\t\t\t\t\t<svg xmlns=\"https:\/\/www.w3.org\/2000\/svg\" viewBox= \"0 0 448 512\"><path d=\"M400 288h-352c-17.69 0-32-14.32-32-32.01s14.31-31.99 32-31.99h352c17.69 0 32 14.3 32 31.99S417.7 288 400 288z\"><\/path><\/svg>\n\t\t\t\t\t\t\t<\/span>\n\t\t\t<span class=\"uagb-question\"><strong>Hvordan booker jeg et m\u00f8de?<\/strong><\/span><\/div><div class=\"uagb-faq-content\"><p>Vores team st\u00e5r klar til st hj\u00e6lpe dig, og du kan altid kontakte os via telefon eller e-mail, og s\u00e5 finder vi sammen det tidspunkt der passer dig bedst. Du kan ogs\u00e5 udfylde vores online formular.<\/p><\/div><\/div><div data-aos= \"fade-left\" data-aos-duration=\"400\" data-aos-delay=\"0\" data-aos-easing=\"ease\" data-aos-once=\"true\" class=\"wp-block-uagb-faq-child uagb-faq-child__outer-wrap uagb-faq-item uagb-block-aaa8a217 \" role=\"tab\" tabindex=\"0\"><div class=\"uagb-faq-questions-button uagb-faq-questions\">\t\t\t<span class=\"uagb-icon uagb-faq-icon-wrap\">\n\t\t\t\t\t\t\t\t<svg xmlns=\"https:\/\/www.w3.org\/2000\/svg\" viewBox= \"0 0 448 512\"><path d=\"M432 256c0 17.69-14.33 32.01-32 32.01H256v144c0 17.69-14.33 31.99-32 31.99s-32-14.3-32-31.99v-144H48c-17.67 0-32-14.32-32-32.01s14.33-31.99 32-31.99H192v-144c0-17.69 14.33-32.01 32-32.01s32 14.32 32 32.01v144h144C417.7 224 432 238.3 432 256z\"><\/path><\/svg>\n\t\t\t\t\t\t\t<\/span>\n\t\t\t\t\t\t<span class=\"uagb-icon-active uagb-faq-icon-wrap\">\n\t\t\t\t\t\t\t\t<svg xmlns=\"https:\/\/www.w3.org\/2000\/svg\" viewBox= \"0 0 448 512\"><path d=\"M400 288h-352c-17.69 0-32-14.32-32-32.01s14.31-31.99 32-31.99h352c17.69 0 32 14.3 32 31.99S417.7 288 400 288z\"><\/path><\/svg>\n\t\t\t\t\t\t\t<\/span>\n\t\t\t<span class=\"uagb-question\"><strong>Hvordan sikrer i effektivitet og kvalitet i jeres arbejde?<\/strong><\/span><\/div><div class=\"uagb-faq-content\"><p>Vores erfarne team overv\u00e5ger n\u00f8je projektets fremgang og process, for at sikre at det lever op til vores h\u00f8je standard samt tidsplan.<\/p><\/div><\/div><\/div><\/div>\n<\/div><\/div>\n\n\n\n<div data-aos= \"fade-down\" data-aos-duration=\"400\" data-aos-delay=\"0\" data-aos-easing=\"ease\" data-aos-once=\"true\" class=\"wp-block-uagb-container uagb-block-fb46c501 alignfull uagb-is-root-container\"><div class=\"uagb-container-inner-blocks-wrap\">\n<div class=\"wp-block-uagb-container uagb-block-fed31347\">\n<div data-aos= \"fade-up\" data-aos-duration=\"400\" data-aos-delay=\"0\" data-aos-easing=\"ease\" data-aos-once=\"true\" class=\"wp-block-uagb-advanced-heading uagb-block-78310c88\"><h3 class=\"uagb-heading-text\">Dit hjem er mere end blot v\u00e6ggene omkring dig. Det er ogs\u00e5 den smukke bel\u00e6gning, der indrammer det og inviterer naturen ind i din hverdag.<\/h3><\/div>\n<\/div>\n<\/div><\/div>\n","protected":false},"excerpt":{"rendered":"<p>Sp\u00f8rgsm\u00e5l og svar Vi svarer \u00f8jeblikkeligt syv dage om ugen Sp\u00f8rgsm\u00e5l og svar Dit hjem er mere end blot v\u00e6ggene omkring dig. Det er ogs\u00e5 den smukke bel\u00e6gning, der indrammer det og inviterer naturen ind i din hverdag.<\/p>\n","protected":false},"author":1,"featured_media":0,"parent":0,"menu_order":0,"comment_status":"closed","ping_status":"closed","template":"","meta":{"_uag_custom_page_level_css":"","_monsterinsights_skip_tracking":false,"_monsterinsights_sitenote_active":false,"_monsterinsights_sitenote_note":"","_monsterinsights_sitenote_category":0,"site-sidebar-layout":"no-sidebar","site-content-layout":"plain-container","ast-site-content-layout":"normal-width-container","site-content-style":"unboxed","site-sidebar-style":"unboxed","ast-global-header-display":"","ast-banner-title-visibility":"","ast-main-header-display":"","ast-hfb-above-header-display":"","ast-hfb-below-header-display":"","ast-hfb-mobile-header-display":"","site-post-title":"disabled","ast-breadcrumbs-content":"","ast-featured-img":"","footer-sml-layout":"","theme-transparent-header-meta":"enabled","adv-header-id-meta":"","stick-header-meta":"","header-above-stick-meta":"","header-main-stick-meta":"","header-below-stick-meta":"","astra-migrate-meta-layouts":"set","ast-page-background-enabled":"default","ast-page-background-meta":{"desktop":{"background-color":"","background-image":"","background-repeat":"repeat","background-position":"center center","background-size":"auto","background-attachment":"scroll","background-type":"","background-media":"","overlay-type":"","overlay-color":"","overlay-opacity":"","overlay-gradient":""},"tablet":{"background-color":"","background-image":"","background-repeat":"repeat","background-position":"center center","background-size":"auto","background-attachment":"scroll","background-type":"","background-media":"","overlay-type":"","overlay-color":"","overlay-opacity":"","overlay-gradient":""},"mobile":{"background-color":"","background-image":"","background-repeat":"repeat","background-position":"center center","background-size":"auto","background-attachment":"scroll","background-type":"","background-media":"","overlay-type":"","overlay-color":"","overlay-opacity":"","overlay-gradient":""}},"ast-content-background-meta":{"desktop":{"background-color":"var(--ast-global-color-5)","background-image":"","background-repeat":"repeat","background-position":"center center","background-size":"auto","background-attachment":"scroll","background-type":"","background-media":"","overlay-type":"","overlay-color":"","overlay-opacity":"","overlay-gradient":""},"tablet":{"background-color":"var(--ast-global-color-5)","background-image":"","background-repeat":"repeat","background-position":"center center","background-size":"auto","background-attachment":"scroll","background-type":"","background-media":"","overlay-type":"","overlay-color":"","overlay-opacity":"","overlay-gradient":""},"mobile":{"background-color":"var(--ast-global-color-5)","background-image":"","background-repeat":"repeat","background-position":"center center","background-size":"auto","background-attachment":"scroll","background-type":"","background-media":"","overlay-type":"","overlay-color":"","overlay-opacity":"","overlay-gradient":""}},"footnotes":""},"yoast_head":"<!-- This site is optimized with the Yoast SEO plugin v24.5 - https:\/\/yoast.com\/wordpress\/plugins\/seo\/ -->\n<title>Sp\u00f8rgsm\u00e5l og svar - Brol\u00e6gger EM Gruppen<\/title>\n<meta name=\"robots\" content=\"index, follow, max-snippet:-1, max-image-preview:large, max-video-preview:-1\" \/>\n<link rel=\"canonical\" href=\"https:\/\/brolaegger.emgruppen.com\/index.php\/sporgsmal\/\" \/>\n<meta property=\"og:locale\" content=\"en_US\" \/>\n<meta property=\"og:type\" content=\"article\" \/>\n<meta property=\"og:title\" content=\"Sp\u00f8rgsm\u00e5l og svar - Brol\u00e6gger EM Gruppen\" \/>\n<meta property=\"og:description\" content=\"Sp\u00f8rgsm\u00e5l og svar Vi svarer \u00f8jeblikkeligt syv dage om ugen Sp\u00f8rgsm\u00e5l og svar Dit hjem er mere end blot v\u00e6ggene omkring dig. Det er ogs\u00e5 den smukke bel\u00e6gning, der indrammer det og inviterer naturen ind i din hverdag.\" \/>\n<meta property=\"og:url\" content=\"https:\/\/brolaegger.emgruppen.com\/index.php\/sporgsmal\/\" \/>\n<meta property=\"og:site_name\" content=\"Brol\u00e6gger EM Gruppen\" \/>\n<meta property=\"article:modified_time\" content=\"2023-10-13T16:28:53+00:00\" \/>\n<meta name=\"twitter:card\" content=\"summary_large_image\" \/>\n<meta name=\"twitter:label1\" content=\"Est. reading time\" \/>\n\t<meta name=\"twitter:data1\" content=\"1 minute\" \/>\n<script type=\"application\/ld+json\" class=\"yoast-schema-graph\">{\"@context\":\"https:\/\/schema.org\",\"@graph\":[{\"@type\":\"WebPage\",\"@id\":\"https:\/\/brolaegger.emgruppen.com\/index.php\/sporgsmal\/\",\"url\":\"https:\/\/brolaegger.emgruppen.com\/index.php\/sporgsmal\/\",\"name\":\"Sp\u00f8rgsm\u00e5l og svar - Brol\u00e6gger EM Gruppen\",\"isPartOf\":{\"@id\":\"https:\/\/brolaegger.emgruppen.com\/#website\"},\"datePublished\":\"2020-09-09T13:48:49+00:00\",\"dateModified\":\"2023-10-13T16:28:53+00:00\",\"breadcrumb\":{\"@id\":\"https:\/\/brolaegger.emgruppen.com\/index.php\/sporgsmal\/#breadcrumb\"},\"inLanguage\":\"en-US\",\"potentialAction\":[{\"@type\":\"ReadAction\",\"target\":[\"https:\/\/brolaegger.emgruppen.com\/index.php\/sporgsmal\/\"]}]},{\"@type\":\"BreadcrumbList\",\"@id\":\"https:\/\/brolaegger.emgruppen.com\/index.php\/sporgsmal\/#breadcrumb\",\"itemListElement\":[{\"@type\":\"ListItem\",\"position\":1,\"name\":\"Home\",\"item\":\"https:\/\/brolaegger.emgruppen.com\/\"},{\"@type\":\"ListItem\",\"position\":2,\"name\":\"Sp\u00f8rgsm\u00e5l og svar\"}]},{\"@type\":\"WebSite\",\"@id\":\"https:\/\/brolaegger.emgruppen.com\/#website\",\"url\":\"https:\/\/brolaegger.emgruppen.com\/\",\"name\":\"Brol\u00e6gger EM Gruppen\",\"description\":\"\",\"publisher\":{\"@id\":\"https:\/\/brolaegger.emgruppen.com\/#organization\"},\"potentialAction\":[{\"@type\":\"SearchAction\",\"target\":{\"@type\":\"EntryPoint\",\"urlTemplate\":\"https:\/\/brolaegger.emgruppen.com\/?s={search_term_string}\"},\"query-input\":{\"@type\":\"PropertyValueSpecification\",\"valueRequired\":true,\"valueName\":\"search_term_string\"}}],\"inLanguage\":\"en-US\"},{\"@type\":\"Organization\",\"@id\":\"https:\/\/brolaegger.emgruppen.com\/#organization\",\"name\":\"Brol\u00e6gger EM Gruppen\",\"url\":\"https:\/\/brolaegger.emgruppen.com\/\",\"logo\":{\"@type\":\"ImageObject\",\"inLanguage\":\"en-US\",\"@id\":\"https:\/\/brolaegger.emgruppen.com\/#\/schema\/logo\/image\/\",\"url\":\"https:\/\/brolaegger.emgruppen.com\/wp-content\/uploads\/2023\/09\/cropped-IMG_20230916_180115.png\",\"contentUrl\":\"https:\/\/brolaegger.emgruppen.com\/wp-content\/uploads\/2023\/09\/cropped-IMG_20230916_180115.png\",\"width\":3963,\"height\":1532,\"caption\":\"Brol\u00e6gger EM Gruppen\"},\"image\":{\"@id\":\"https:\/\/brolaegger.emgruppen.com\/#\/schema\/logo\/image\/\"},\"sameAs\":[\"https:\/\/www.instagram.com\/brolaegger_emgruppen\"]}]}<\/script>\n<!-- \/ Yoast SEO plugin. -->","yoast_head_json":{"title":"Sp\u00f8rgsm\u00e5l og svar - Brol\u00e6gger EM Gruppen","robots":{"index":"index","follow":"follow","max-snippet":"max-snippet:-1","max-image-preview":"max-image-preview:large","max-video-preview":"max-video-preview:-1"},"canonical":"https:\/\/brolaegger.emgruppen.com\/index.php\/sporgsmal\/","og_locale":"en_US","og_type":"article","og_title":"Sp\u00f8rgsm\u00e5l og svar - Brol\u00e6gger EM Gruppen","og_description":"Sp\u00f8rgsm\u00e5l og svar Vi svarer \u00f8jeblikkeligt syv dage om ugen Sp\u00f8rgsm\u00e5l og svar Dit hjem er mere end blot v\u00e6ggene omkring dig. Det er ogs\u00e5 den smukke bel\u00e6gning, der indrammer det og inviterer naturen ind i din hverdag.","og_url":"https:\/\/brolaegger.emgruppen.com\/index.php\/sporgsmal\/","og_site_name":"Brol\u00e6gger EM Gruppen","article_modified_time":"2023-10-13T16:28:53+00:00","twitter_card":"summary_large_image","twitter_misc":{"Est. reading time":"1 minute"},"schema":{"@context":"https:\/\/schema.org","@graph":[{"@type":"WebPage","@id":"https:\/\/brolaegger.emgruppen.com\/index.php\/sporgsmal\/","url":"https:\/\/brolaegger.emgruppen.com\/index.php\/sporgsmal\/","name":"Sp\u00f8rgsm\u00e5l og svar - Brol\u00e6gger EM Gruppen","isPartOf":{"@id":"https:\/\/brolaegger.emgruppen.com\/#website"},"datePublished":"2020-09-09T13:48:49+00:00","dateModified":"2023-10-13T16:28:53+00:00","breadcrumb":{"@id":"https:\/\/brolaegger.emgruppen.com\/index.php\/sporgsmal\/#breadcrumb"},"inLanguage":"en-US","potentialAction":[{"@type":"ReadAction","target":["https:\/\/brolaegger.emgruppen.com\/index.php\/sporgsmal\/"]}]},{"@type":"BreadcrumbList","@id":"https:\/\/brolaegger.emgruppen.com\/index.php\/sporgsmal\/#breadcrumb","itemListElement":[{"@type":"ListItem","position":1,"name":"Home","item":"https:\/\/brolaegger.emgruppen.com\/"},{"@type":"ListItem","position":2,"name":"Sp\u00f8rgsm\u00e5l og svar"}]},{"@type":"WebSite","@id":"https:\/\/brolaegger.emgruppen.com\/#website","url":"https:\/\/brolaegger.emgruppen.com\/","name":"Brol\u00e6gger EM Gruppen","description":"","publisher":{"@id":"https:\/\/brolaegger.emgruppen.com\/#organization"},"potentialAction":[{"@type":"SearchAction","target":{"@type":"EntryPoint","urlTemplate":"https:\/\/brolaegger.emgruppen.com\/?s={search_term_string}"},"query-input":{"@type":"PropertyValueSpecification","valueRequired":true,"valueName":"search_term_string"}}],"inLanguage":"en-US"},{"@type":"Organization","@id":"https:\/\/brolaegger.emgruppen.com\/#organization","name":"Brol\u00e6gger EM Gruppen","url":"https:\/\/brolaegger.emgruppen.com\/","logo":{"@type":"ImageObject","inLanguage":"en-US","@id":"https:\/\/brolaegger.emgruppen.com\/#\/schema\/logo\/image\/","url":"https:\/\/brolaegger.emgruppen.com\/wp-content\/uploads\/2023\/09\/cropped-IMG_20230916_180115.png","contentUrl":"https:\/\/brolaegger.emgruppen.com\/wp-content\/uploads\/2023\/09\/cropped-IMG_20230916_180115.png","width":3963,"height":1532,"caption":"Brol\u00e6gger EM Gruppen"},"image":{"@id":"https:\/\/brolaegger.emgruppen.com\/#\/schema\/logo\/image\/"},"sameAs":["https:\/\/www.instagram.com\/brolaegger_emgruppen"]}]}},"uagb_featured_image_src":{"full":false,"thumbnail":false,"medium":false,"medium_large":false,"large":false,"1536x1536":false,"2048x2048":false},"uagb_author_info":{"display_name":"EM Gruppen","author_link":"https:\/\/brolaegger.emgruppen.com\/index.php\/author\/emiljano-unik\/"},"uagb_comment_info":0,"uagb_excerpt":"Sp\u00f8rgsm\u00e5l og svar Vi svarer \u00f8jeblikkeligt syv dage om ugen Sp\u00f8rgsm\u00e5l og svar Dit hjem er mere end blot v\u00e6ggene omkring dig. Det er ogs\u00e5 den smukke bel\u00e6gning, der indrammer det og inviterer naturen ind i din hverdag.","_links":{"self":[{"href":"https:\/\/brolaegger.emgruppen.com\/index.php\/wp-json\/wp\/v2\/pages\/171"}],"collection":[{"href":"https:\/\/brolaegger.emgruppen.com\/index.php\/wp-json\/wp\/v2\/pages"}],"about":[{"href":"https:\/\/brolaegger.emgruppen.com\/index.php\/wp-json\/wp\/v2\/types\/page"}],"author":[{"embeddable":true,"href":"https:\/\/brolaegger.emgruppen.com\/index.php\/wp-json\/wp\/v2\/users\/1"}],"replies":[{"embeddable":true,"href":"https:\/\/brolaegger.emgruppen.com\/index.php\/wp-json\/wp\/v2\/comments?post=171"}],"version-history":[{"count":25,"href":"https:\/\/brolaegger.emgruppen.com\/index.php\/wp-json\/wp\/v2\/pages\/171\/revisions"}],"predecessor-version":[{"id":1890,"href":"https:\/\/brolaegger.emgruppen.com\/index.php\/wp-json\/wp\/v2\/pages\/171\/revisions\/1890"}],"wp:attachment":[{"href":"https:\/\/brolaegger.emgruppen.com\/index.php\/wp-json\/wp\/v2\/media?parent=171"}],"curies":[{"name":"wp","href":"https:\/\/api.w.org\/{rel}","templated":true}]}}